{"id":2286,"date":"2014-09-02T06:53:48","date_gmt":"2014-09-02T06:53:48","guid":{"rendered":"https:\/\/www.oec-gmbh.de\/directions\/"},"modified":"2025-10-04T08:07:11","modified_gmt":"2025-10-04T08:07:11","slug":"directions","status":"publish","type":"page","link":"https:\/\/www.oec-gmbh.de\/en\/directions\/","title":{"rendered":"Directions"},"content":{"rendered":"<div class=\"wpb-content-wrapper\">[vc_row margin_top=&#8221;-40px&#8221; margin_bottom=&#8221;40px&#8221;][vc_column width=&#8221;1\/1&#8243;][vc_gmaps link=&#8221;#E-8_JTNDaWZyYW1lJTIwc3JjJTNEJTIyaHR0cHMlM0ElMkYlMkZ3d3cuZ29vZ2xlLmNvbSUyRm1hcHMlMkZlbWJlZCUzRnBiJTNEJTIxMW0xNCUyMTFtOCUyMTFtMyUyMTFkMzM4NzkyLjczNzY3MzMzNTElMjEyZDEwLjgyNzc3NDk2ODc2MDM5NCUyMTNkNDguNDQwODI3Njg4MjQxNjMlMjEzbTIlMjExaTEwMjQlMjEyaTc2OCUyMTRmMTMuMSUyMTNtMyUyMTFtMiUyMTFzMHg0NzllYjNjZWZkMTc2MjdiJTI1M0EweDExMjY5N2U1ZTNkNjM1YWYlMjEyc09FQyUyQkdlc2VsbHNjaGFmdCUyQmYuZC4lMkJWZXJ0cmllYiUyQk9wdG8tZWxla3Ryby4lMkJCYXV0ZWlsZSUyQm1iSCUyMTVlMCUyMTNtMiUyMTFzZGUlMjEyc3VzJTIxNHYxNDE2NzQ1MjQ2NTYyJTIyJTIwd2lkdGglM0QlMjI2MDAlMjIlMjBoZWlnaHQlM0QlMjI0NTAlMjIlMjBmcmFtZWJvcmRlciUzRCUyMjAlMjIlMjBzdHlsZSUzRCUyMmJvcmRlciUzQTAlMjIlM0UlM0MlMkZpZnJhbWUlM0U=&#8221; size=&#8221;400px&#8221;][\/vc_column][\/vc_row][vc_row center_row=&#8221;yes&#8221; tablet_fullwidth_cols=&#8221;yes&#8221;][vc_column width=&#8221;1\/1&#8243;]<style>.vcex-icon-box.vcex_69e61d2c43a24 .vcex-icon-box-heading{font-size:20px;}.vcex-icon-box.vcex_69e61d2c43a24 .vcex-icon-box-icon{color:#093c6b;}<\/style><div class=\"vcex-module vcex-icon-box vcex-icon-box-one wpex-flex wpex-text-left vcex_69e61d2c43a24\"><div class=\"vcex-icon-box-symbol vcex-icon-box-symbol--icon wpex-flex-shrink-0 wpex-mr-20\"><div class=\"vcex-icon-box-icon wpex-items-center wpex-justify-center wpex-child-inherit-color wpex-text-center wpex-leading-none wpex-flex wpex-text-1\"><span class=\"wpex-flex wpex-icon--w wpex-icon\" aria-hidden=\"true\"><svg xmlns=\"http:\/\/www.w3.org\/2000\/svg\" viewBox=\"0 0 512 512\"><path d=\"M135.2 117.4L109.1 192H402.9l-26.1-74.6C372.3 104.6 360.2 96 346.6 96H165.4c-13.6 0-25.7 8.6-30.2 21.4zM39.6 196.8L74.8 96.3C88.3 57.8 124.6 32 165.4 32H346.6c40.8 0 77.1 25.8 90.6 64.3l35.2 100.5c23.2 9.6 39.6 32.5 39.6 59.2V400v48c0 17.7-14.3 32-32 32H448c-17.7 0-32-14.3-32-32V400H96v48c0 17.7-14.3 32-32 32H32c-17.7 0-32-14.3-32-32V400 256c0-26.7 16.4-49.6 39.6-59.2zM128 288a32 32 0 1 0 -64 0 32 32 0 1 0 64 0zm288 32a32 32 0 1 0 0-64 32 32 0 1 0 0 64z\"\/><\/svg><\/span><\/div><\/div><div class=\"vcex-icon-box-text wpex-flex-grow\"><h2 class=\"vcex-icon-box-heading wpex-heading wpex-mb-10\">By car<\/h2><div class=\"vcex-icon-box-content wpex-last-mb-0 wpex-clr\"><p>On the A8 (east-west direction), take the Zusmarshausen exit and turn north onto state road 2027. Continue past Wollbach on this road and turn right at the &#8220;W\u00f6rleschwang&#8221; junction toward W\u00f6rleschwang. Follow &#8220;Obere Hauptstra\u00dfe&#8221; to the fork in the road, then turn right toward &#8220;Reutern\/Welden.&#8221; You are now on Vogelbergstra\u00dfe. Follow it until a side street (Breitwies) joins from the left. Directly opposite is Vogelbergstra\u00dfe 20. You have reached your destination!<\/p>\n<\/div><\/div><\/div><style>.vcex-icon-box.vcex_69e61d2c43e55 .vcex-icon-box-heading{font-size:20px;}.vcex-icon-box.vcex_69e61d2c43e55 .vcex-icon-box-icon{color:#093c6b;}<\/style><div class=\"vcex-module vcex-icon-box vcex-icon-box-one wpex-flex wpex-text-left vcex_69e61d2c43e55\"><div class=\"vcex-icon-box-symbol vcex-icon-box-symbol--icon wpex-flex-shrink-0 wpex-mr-20\"><div class=\"vcex-icon-box-icon wpex-items-center wpex-justify-center wpex-child-inherit-color wpex-text-center wpex-leading-none wpex-flex wpex-text-1\"><span class=\"wpex-flex wpex-icon--w wpex-icon\" aria-hidden=\"true\"><svg xmlns=\"http:\/\/www.w3.org\/2000\/svg\" viewBox=\"0 0 576 512\"><path d=\"M482.3 192c34.2 0 93.7 29 93.7 64c0 36-59.5 64-93.7 64l-116.6 0L265.2 495.9c-5.7 10-16.3 16.1-27.8 16.1l-56.2 0c-10.6 0-18.3-10.2-15.4-20.4l49-171.6L112 320 68.8 377.6c-3 4-7.8 6.4-12.8 6.4l-42 0c-7.8 0-14-6.3-14-14c0-1.3 .2-2.6 .5-3.9L32 256 .5 145.9c-.4-1.3-.5-2.6-.5-3.9c0-7.8 6.3-14 14-14l42 0c5 0 9.8 2.4 12.8 6.4L112 192l102.9 0-49-171.6C162.9 10.2 170.6 0 181.2 0l56.2 0c11.5 0 22.1 6.2 27.8 16.1L365.7 192l116.6 0z\"\/><\/svg><\/span><\/div><\/div><div class=\"vcex-icon-box-text wpex-flex-grow\"><h2 class=\"vcex-icon-box-heading wpex-heading wpex-mb-10\">By plane<\/h2><div class=\"vcex-icon-box-content wpex-last-mb-0 wpex-clr\"><p>The nearest airport is Augsburg (about a 20-minute drive). Additionally, Stuttgart and Munich airports are available (about 1\u20131.5 hours by car). From Stuttgart and Munich, transportation options include train (to Augsburg or Ulm) followed by a rental car or taxi. Then follow the directions under &#8220;By car.&#8221; Alternatively, we are happy to pick you up.<\/p>\n<\/div><\/div><\/div><style>.vcex-icon-box.vcex_69e61d2c4415e .vcex-icon-box-heading{font-size:20px;}.vcex-icon-box.vcex_69e61d2c4415e .vcex-icon-box-icon{color:#093c6b;}<\/style><div class=\"vcex-module vcex-icon-box vcex-icon-box-one wpex-flex wpex-text-left vcex_69e61d2c4415e\"><div class=\"vcex-icon-box-symbol vcex-icon-box-symbol--icon wpex-flex-shrink-0 wpex-mr-20\"><div class=\"vcex-icon-box-icon wpex-items-center wpex-justify-center wpex-child-inherit-color wpex-text-center wpex-leading-none wpex-flex wpex-text-1\"><span class=\"wpex-flex wpex-icon--w wpex-icon\" aria-hidden=\"true\"><svg xmlns=\"http:\/\/www.w3.org\/2000\/svg\" viewBox=\"0 0 448 512\"><path d=\"M0 96C0 78.3 14.3 64 32 64H416c17.7 0 32 14.3 32 32s-14.3 32-32 32H32C14.3 128 0 113.7 0 96zM0 256c0-17.7 14.3-32 32-32H416c17.7 0 32 14.3 32 32s-14.3 32-32 32H32c-17.7 0-32-14.3-32-32zM448 416c0 17.7-14.3 32-32 32H32c-17.7 0-32-14.3-32-32s14.3-32 32-32H416c17.7 0 32 14.3 32 32z\"\/><\/svg><\/span><\/div><\/div><div class=\"vcex-icon-box-text wpex-flex-grow\"><h2 class=\"vcex-icon-box-heading wpex-heading wpex-mb-10\">By train<\/h2><div class=\"vcex-icon-box-content wpex-last-mb-0 wpex-clr\"><p>From Augsburg Central Station or Ulm Central Station, take a taxi or rental car to OEC (about 45 minutes from Ulm, about 30 minutes from Augsburg). Then follow the directions under &#8220;By car.&#8221; Alternatively, we are happy to pick you up.<\/p>\n<\/div><\/div><\/div>[\/vc_column][\/vc_row]\n<\/div>","protected":false},"excerpt":{"rendered":"<p>[vc_row margin_top=&#8221;-40px&#8221; margin_bottom=&#8221;40px&#8221;][vc_column width=&#8221;1\/1&#8243;][vc_gmaps link=&#8221;#E-8_JTNDaWZyYW1lJTIwc3JjJTNEJTIyaHR0cHMlM0ElMkYlMkZ3d3cuZ29vZ2xlLmNvbSUyRm1hcHMlMkZlbWJlZCUzRnBiJTNEJTIxMW0xNCUyMTFtOCUyMTFtMyUyMTFkMzM4NzkyLjczNzY3MzMzNTElMjEyZDEwLjgyNzc3NDk2ODc2MDM5NCUyMTNkNDguNDQwODI3Njg4MjQxNjMlMjEzbTIlMjExaTEwMjQlMjEyaTc2OCUyMTRmMTMuMSUyMTNtMyUyMTFtMiUyMTFzMHg0NzllYjNjZWZkMTc2MjdiJTI1M0EweDExMjY5N2U1ZTNkNjM1YWYlMjEyc09FQyUyQkdlc2VsbHNjaGFmdCUyQmYuZC4lMkJWZXJ0cmllYiUyQk9wdG8tZWxla3Ryby4lMkJCYXV0ZWlsZSUyQm1iSCUyMTVlMCUyMTNtMiUyMTFzZGUlMjEyc3VzJTIxNHYxNDE2NzQ1MjQ2NTYyJTIyJTIwd2lkdGglM0QlMjI2MDAlMjIlMjBoZWlnaHQlM0QlMjI0NTAlMjIlMjBmcmFtZWJvcmRlciUzRCUyMjAlMjIlMjBzdHlsZSUzRCUyMmJvcmRlciUzQTAlMjIlM0UlM0MlMkZpZnJhbWUlM0U=&#8221; size=&#8221;400px&#8221;][\/vc_column][\/vc_row][vc_row center_row=&#8221;yes&#8221; tablet_fullwidth_cols=&#8221;yes&#8221;][vc_column width=&#8221;1\/1&#8243;][\/vc_column][\/vc_row]<\/p>\n","protected":false},"author":1,"featured_media":0,"parent":0,"menu_order":0,"comment_status":"open","ping_status":"open","template":"","meta":{"footnotes":""},"class_list":["post-2286","page","type-page","status-publish","hentry","entry","no-media"],"yoast_head":"<!-- This site is optimized with the Yoast SEO plugin v24.4 - https:\/\/yoast.com\/wordpress\/plugins\/seo\/ -->\n<title>Directions - OEC GmbH - Optoelektronische Komponenten &amp; Bauteile<\/title>\n<meta name=\"description\" content=\"Optoelektronische Komponenten, Module und Systeme: GaN, InGaAs, Si, Laserdiodenmodule, Optikkomponenten, Photoempf\u00e4nger und mehr.\" \/>\n<meta name=\"robots\" content=\"index, follow, max-snippet:-1, max-image-preview:large, max-video-preview:-1\" \/>\n<link rel=\"canonical\" href=\"https:\/\/www.oec-gmbh.de\/en\/directions\/\" \/>\n<meta property=\"og:locale\" content=\"en_US\" \/>\n<meta property=\"og:type\" content=\"article\" \/>\n<meta property=\"og:title\" content=\"Directions - OEC GmbH - Optoelektronische Komponenten &amp; Bauteile\" \/>\n<meta property=\"og:description\" content=\"Optoelektronische Komponenten, Module und Systeme: GaN, InGaAs, Si, Laserdiodenmodule, Optikkomponenten, Photoempf\u00e4nger und mehr.\" \/>\n<meta property=\"og:url\" content=\"https:\/\/www.oec-gmbh.de\/en\/directions\/\" \/>\n<meta property=\"og:site_name\" content=\"OEC GmbH - Optoelektronische Komponenten &amp; Bauteile\" \/>\n<meta property=\"article:modified_time\" content=\"2025-10-04T08:07:11+00:00\" \/>\n<meta name=\"twitter:card\" content=\"summary_large_image\" \/>\n<meta name=\"twitter:label1\" content=\"Est. reading time\" \/>\n\t<meta name=\"twitter:data1\" content=\"2 minutes\" \/>\n<script type=\"application\/ld+json\" class=\"yoast-schema-graph\">{\"@context\":\"https:\/\/schema.org\",\"@graph\":[{\"@type\":\"WebPage\",\"@id\":\"https:\/\/www.oec-gmbh.de\/en\/directions\/\",\"url\":\"https:\/\/www.oec-gmbh.de\/en\/directions\/\",\"name\":\"Directions - OEC GmbH - Optoelektronische Komponenten &amp; Bauteile\",\"isPartOf\":{\"@id\":\"https:\/\/www.oec-gmbh.de\/en\/#website\"},\"datePublished\":\"2014-09-02T06:53:48+00:00\",\"dateModified\":\"2025-10-04T08:07:11+00:00\",\"description\":\"Optoelektronische Komponenten, Module und Systeme: GaN, InGaAs, Si, Laserdiodenmodule, Optikkomponenten, Photoempf\u00e4nger und mehr.\",\"breadcrumb\":{\"@id\":\"https:\/\/www.oec-gmbh.de\/en\/directions\/#breadcrumb\"},\"inLanguage\":\"en-US\",\"potentialAction\":[{\"@type\":\"ReadAction\",\"target\":[\"https:\/\/www.oec-gmbh.de\/en\/directions\/\"]}]},{\"@type\":\"BreadcrumbList\",\"@id\":\"https:\/\/www.oec-gmbh.de\/en\/directions\/#breadcrumb\",\"itemListElement\":[{\"@type\":\"ListItem\",\"position\":1,\"name\":\"Home\",\"item\":\"https:\/\/www.oec-gmbh.de\/en\/oec-gmbh\/\"},{\"@type\":\"ListItem\",\"position\":2,\"name\":\"Directions\"}]},{\"@type\":\"WebSite\",\"@id\":\"https:\/\/www.oec-gmbh.de\/en\/#website\",\"url\":\"https:\/\/www.oec-gmbh.de\/en\/\",\"name\":\"OEC GmbH - Optoelektronische Komponenten &amp; Bauteile\",\"description\":\"Ber\u00fchrungsloses Messen mit Licht\",\"publisher\":{\"@id\":\"https:\/\/www.oec-gmbh.de\/en\/#organization\"},\"potentialAction\":[{\"@type\":\"SearchAction\",\"target\":{\"@type\":\"EntryPoint\",\"urlTemplate\":\"https:\/\/www.oec-gmbh.de\/en\/?s={search_term_string}\"},\"query-input\":{\"@type\":\"PropertyValueSpecification\",\"valueRequired\":true,\"valueName\":\"search_term_string\"}}],\"inLanguage\":\"en-US\"},{\"@type\":\"Organization\",\"@id\":\"https:\/\/www.oec-gmbh.de\/en\/#organization\",\"name\":\"OEC GmbH\",\"url\":\"https:\/\/www.oec-gmbh.de\/en\/\",\"logo\":{\"@type\":\"ImageObject\",\"inLanguage\":\"en-US\",\"@id\":\"https:\/\/www.oec-gmbh.de\/en\/#\/schema\/logo\/image\/\",\"url\":\"https:\/\/www.oec-gmbh.de\/wp-content\/uploads\/2014\/09\/logo1.png\",\"contentUrl\":\"https:\/\/www.oec-gmbh.de\/wp-content\/uploads\/2014\/09\/logo1.png\",\"width\":640,\"height\":284,\"caption\":\"OEC GmbH\"},\"image\":{\"@id\":\"https:\/\/www.oec-gmbh.de\/en\/#\/schema\/logo\/image\/\"}}]}<\/script>\n<!-- \/ Yoast SEO plugin. -->","yoast_head_json":{"title":"Directions - OEC GmbH - Optoelektronische Komponenten &amp; Bauteile","description":"Optoelektronische Komponenten, Module und Systeme: GaN, InGaAs, Si, Laserdiodenmodule, Optikkomponenten, Photoempf\u00e4nger und mehr.","robots":{"index":"index","follow":"follow","max-snippet":"max-snippet:-1","max-image-preview":"max-image-preview:large","max-video-preview":"max-video-preview:-1"},"canonical":"https:\/\/www.oec-gmbh.de\/en\/directions\/","og_locale":"en_US","og_type":"article","og_title":"Directions - OEC GmbH - Optoelektronische Komponenten &amp; Bauteile","og_description":"Optoelektronische Komponenten, Module und Systeme: GaN, InGaAs, Si, Laserdiodenmodule, Optikkomponenten, Photoempf\u00e4nger und mehr.","og_url":"https:\/\/www.oec-gmbh.de\/en\/directions\/","og_site_name":"OEC GmbH - Optoelektronische Komponenten &amp; Bauteile","article_modified_time":"2025-10-04T08:07:11+00:00","twitter_card":"summary_large_image","twitter_misc":{"Est. reading time":"2 minutes"},"schema":{"@context":"https:\/\/schema.org","@graph":[{"@type":"WebPage","@id":"https:\/\/www.oec-gmbh.de\/en\/directions\/","url":"https:\/\/www.oec-gmbh.de\/en\/directions\/","name":"Directions - OEC GmbH - Optoelektronische Komponenten &amp; Bauteile","isPartOf":{"@id":"https:\/\/www.oec-gmbh.de\/en\/#website"},"datePublished":"2014-09-02T06:53:48+00:00","dateModified":"2025-10-04T08:07:11+00:00","description":"Optoelektronische Komponenten, Module und Systeme: GaN, InGaAs, Si, Laserdiodenmodule, Optikkomponenten, Photoempf\u00e4nger und mehr.","breadcrumb":{"@id":"https:\/\/www.oec-gmbh.de\/en\/directions\/#breadcrumb"},"inLanguage":"en-US","potentialAction":[{"@type":"ReadAction","target":["https:\/\/www.oec-gmbh.de\/en\/directions\/"]}]},{"@type":"BreadcrumbList","@id":"https:\/\/www.oec-gmbh.de\/en\/directions\/#breadcrumb","itemListElement":[{"@type":"ListItem","position":1,"name":"Home","item":"https:\/\/www.oec-gmbh.de\/en\/oec-gmbh\/"},{"@type":"ListItem","position":2,"name":"Directions"}]},{"@type":"WebSite","@id":"https:\/\/www.oec-gmbh.de\/en\/#website","url":"https:\/\/www.oec-gmbh.de\/en\/","name":"OEC GmbH - Optoelektronische Komponenten &amp; Bauteile","description":"Ber\u00fchrungsloses Messen mit Licht","publisher":{"@id":"https:\/\/www.oec-gmbh.de\/en\/#organization"},"potentialAction":[{"@type":"SearchAction","target":{"@type":"EntryPoint","urlTemplate":"https:\/\/www.oec-gmbh.de\/en\/?s={search_term_string}"},"query-input":{"@type":"PropertyValueSpecification","valueRequired":true,"valueName":"search_term_string"}}],"inLanguage":"en-US"},{"@type":"Organization","@id":"https:\/\/www.oec-gmbh.de\/en\/#organization","name":"OEC GmbH","url":"https:\/\/www.oec-gmbh.de\/en\/","logo":{"@type":"ImageObject","inLanguage":"en-US","@id":"https:\/\/www.oec-gmbh.de\/en\/#\/schema\/logo\/image\/","url":"https:\/\/www.oec-gmbh.de\/wp-content\/uploads\/2014\/09\/logo1.png","contentUrl":"https:\/\/www.oec-gmbh.de\/wp-content\/uploads\/2014\/09\/logo1.png","width":640,"height":284,"caption":"OEC GmbH"},"image":{"@id":"https:\/\/www.oec-gmbh.de\/en\/#\/schema\/logo\/image\/"}}]}},"_links":{"self":[{"href":"https:\/\/www.oec-gmbh.de\/en\/wp-json\/wp\/v2\/pages\/2286","targetHints":{"allow":["GET"]}}],"collection":[{"href":"https:\/\/www.oec-gmbh.de\/en\/wp-json\/wp\/v2\/pages"}],"about":[{"href":"https:\/\/www.oec-gmbh.de\/en\/wp-json\/wp\/v2\/types\/page"}],"author":[{"embeddable":true,"href":"https:\/\/www.oec-gmbh.de\/en\/wp-json\/wp\/v2\/users\/1"}],"replies":[{"embeddable":true,"href":"https:\/\/www.oec-gmbh.de\/en\/wp-json\/wp\/v2\/comments?post=2286"}],"version-history":[{"count":5,"href":"https:\/\/www.oec-gmbh.de\/en\/wp-json\/wp\/v2\/pages\/2286\/revisions"}],"predecessor-version":[{"id":2291,"href":"https:\/\/www.oec-gmbh.de\/en\/wp-json\/wp\/v2\/pages\/2286\/revisions\/2291"}],"wp:attachment":[{"href":"https:\/\/www.oec-gmbh.de\/en\/wp-json\/wp\/v2\/media?parent=2286"}],"curies":[{"name":"wp","href":"https:\/\/api.w.org\/{rel}","templated":true}]}}